{"id":13459,"date":"2023-07-18T20:43:53","date_gmt":"2023-07-18T20:43:53","guid":{"rendered":"https:\/\/business.reobiztheme.com\/?page_id=13459"},"modified":"2024-05-09T00:58:09","modified_gmt":"2024-05-09T00:58:09","slug":"demande-de-pret","status":"publish","type":"page","link":"https:\/\/fluva-finance.com\/sv\/demande-de-pret\/","title":{"rendered":"L\u00c5NEANS\u00d6KAN"},"content":{"rendered":"<div data-elementor-type=\"wp-page\" data-elementor-id=\"13459\" class=\"elementor elementor-13459\" data-elementor-post-type=\"page\">\n\t\t\t\t\t\t<section class=\"elementor-section elementor-top-section elementor-element elementor-element-e6c2b88 elementor-section-content-top elementor-section-boxed elementor-section-height-default elementor-section-height-default\" data-id=\"e6c2b88\" data-element_type=\"section\" data-e-type=\"section\" data-settings=\"{&quot;background_background&quot;:&quot;classic&quot;}\">\n\t\t\t\t\t\t<div class=\"elementor-container elementor-column-gap-default\">\n\t\t\t\t\t<div class=\"elementor-column elementor-col-100 elementor-top-column elementor-element elementor-element-88e0656\" data-id=\"88e0656\" data-element_type=\"column\" data-e-type=\"column\" data-settings=\"{&quot;background_background&quot;:&quot;classic&quot;}\">\n\t\t\t<div class=\"elementor-widget-wrap elementor-element-populated\">\n\t\t\t\t\t<div class=\"elementor-background-overlay\"><\/div>\n\t\t\t\t\t\t<section class=\"elementor-section elementor-inner-section elementor-element elementor-element-98d84b6 elementor-section-boxed elementor-section-height-default elementor-section-height-default\" data-id=\"98d84b6\" data-element_type=\"section\" data-e-type=\"section\">\n\t\t\t\t\t\t<div class=\"elementor-container elementor-column-gap-default\">\n\t\t\t\t\t<div class=\"elementor-column elementor-col-100 elementor-inner-column elementor-element elementor-element-52f46c9\" data-id=\"52f46c9\" data-element_type=\"column\" data-e-type=\"column\" data-settings=\"{&quot;background_background&quot;:&quot;classic&quot;}\">\n\t\t\t<div class=\"elementor-widget-wrap elementor-element-populated\">\n\t\t\t\t\t\t<div class=\"elementor-element elementor-element-7098c75 elementor-widget elementor-widget-rs-heading\" data-id=\"7098c75\" data-element_type=\"widget\" data-e-type=\"widget\" data-widget_type=\"rs-heading.default\">\n\t\t\t\t<div class=\"elementor-widget-container\">\n\t\t\t\t\t        <div class=\"rs-heading default\">\r\n        \t<div class=\"title-inner\">\r\n        \t\t      \t\t\r\n\t            <h2 class=\"title\"><span class=\"watermark\"><\/span>L\u00e5neans\u00f6kningsblankett<\/h2>\t        <\/div>\r\n\t                    \t<div class=\"description\">\r\n            \t\t<p>V\u00e4nligen fyll i formul\u00e4ret nedan f\u00f6r att skicka in din f\u00f6rfr\u00e5gan.<\/p>            \t\t\r\n            \t<\/div>\r\n        \t        <\/div>\r\n\r\n        \t\t\t\t<\/div>\n\t\t\t\t<\/div>\n\t\t\t\t<div class=\"elementor-element elementor-element-8f8918d fluent-form-widget-step-header-yes fluent-form-widget-step-progressbar-yes fluentform-widget-submit-button-custom elementor-widget elementor-widget-fluent-form-widget\" data-id=\"8f8918d\" data-element_type=\"widget\" data-e-type=\"widget\" data-widget_type=\"fluent-form-widget.default\">\n\t\t\t\t<div class=\"elementor-widget-container\">\n\t\t\t\t\t\n            <div class=\"fluentform-widget-wrapper fluentform-widget-align-default\">\n\n            \n            <div class='fluentform ff-default fluentform_wrapper_5 ffs_default_wrap'><form data-form_id=\"5\" id=\"fluentform_5\" class=\"frm-fluent-form fluent_form_5 ff-el-form-top ff_form_instance_5_1 ff-form-loading ff_calc_form ff_calc_form ffs_default\" data-form_instance=\"ff_form_instance_5_1\" method=\"POST\" action=\"\" ><fieldset  style=\"border: none!important;margin: 0!important;padding: 0!important;background-color: transparent!important;box-shadow: none!important;outline: none!important; min-inline-size: 100%;\">\n                    <legend class=\"ff_screen_reader_title\" style=\"display: block; margin: 0!important;padding: 0!important;height: 0!important;text-indent: -999999px;width: 0!important;overflow:hidden;\">Demande de pr\u00eat<\/legend><input type='hidden' name='__fluent_form_embded_post_id' value='13459' \/><input type=\"hidden\" id=\"_fluentform_5_fluentformnonce\" name=\"_fluentform_5_fluentformnonce\" value=\"3b6d1c05d0\" \/><input type=\"hidden\" name=\"_wp_http_referer\" value=\"\/sv\/wp-json\/wp\/v2\/pages\/13459\" \/><div data-type=\"name-element\" data-name=\"names\" class=\"ff-field_container ff-name-field-wrapper\" ><div class='ff-t-container'><div class='ff-t-cell'><div class='ff-el-group  ff-el-form-top'><div class=\"ff-el-input--label ff-el-is-required asterisk-right\"><label for='ff_5_names_first_name_' id='label_ff_5_names_first_name_' >F\u00f6rnamn<\/label><\/div><div class='ff-el-input--content'><input type=\"text\" name=\"names[first_name]\" id=\"ff_5_names_first_name_\" class=\"ff-el-form-control\" placeholder=\"F\u00f6rnamn\" aria-invalid=\"false\" aria-required=\"true\"><\/div><\/div><\/div><div class='ff-t-cell'><div class='ff-el-group  ff-el-form-top'><div class=\"ff-el-input--label ff-el-is-required asterisk-right\"><label for='ff_5_names_last_name_' id='label_ff_5_names_last_name_' >Efternamn<\/label><\/div><div class='ff-el-input--content'><input type=\"text\" name=\"names[last_name]\" id=\"ff_5_names_last_name_\" class=\"ff-el-form-control\" placeholder=\"Efternamn\" aria-invalid=\"false\" aria-required=\"true\"><\/div><\/div><\/div><\/div><\/div><div class='ff-el-group'><div class=\"ff-el-input--label ff-el-is-required asterisk-right\"><label for='ff_5_email' id='label_ff_5_email' aria-label=\"E-post\">E-post<\/label><\/div><div class='ff-el-input--content'><input type=\"email\" name=\"email\" id=\"ff_5_email\" class=\"ff-el-form-control\" placeholder=\"Din e-postadress\" data-name=\"email\"  aria-invalid=\"false\" aria-required=\"true\"><\/div><\/div><div class='ff-el-group'><div class=\"ff-el-input--label ff-el-is-required asterisk-right\"><label for='ff_5_phone' id='label_ff_5_phone' aria-label=\"Telefonnummer\">Telefonnummer<\/label><\/div><div class='ff-el-input--content'><input name=\"phone\" class=\"ff-el-form-control ff-el-phone\" type=\"tel\" placeholder=\"Telefonnummer\" data-name=\"phone\" id=\"ff_5_phone\" inputmode=\"tel\"  aria-invalid='false' aria-required=\"true\"><\/div><\/div><div class='ff-el-group'><div class=\"ff-el-input--label ff-el-is-required asterisk-right\"><label for='ff_5_pays' id='label_ff_5_pays' aria-label=\"Kanton eller bostadsort\">Kanton eller bostadsort<\/label><\/div><div class='ff-el-input--content'><input type=\"text\" name=\"pays\" class=\"ff-el-form-control\" placeholder=\"Ange din kanton eller stad\" data-name=\"pays\" id=\"ff_5_pays\"  aria-invalid=\"false\" aria-required=\"true\"><\/div><\/div><div class='ff-el-group'><div class=\"ff-el-input--label ff-el-is-required asterisk-right\"><label for='ff_5_input_text_1' id='label_ff_5_input_text_1' aria-label=\"Fullst\u00e4ndig adress\">Fullst\u00e4ndig adress<\/label><\/div><div class='ff-el-input--content'><input type=\"text\" name=\"input_text_1\" class=\"ff-el-form-control\" data-name=\"input_text_1\" id=\"ff_5_input_text_1\"  aria-invalid=\"false\" aria-required=\"true\"><\/div><\/div><div data-name=\"ff_cn_id_1\"  class='ff-t-container ff-column-container ff_columns_total_2'><div class='ff-t-cell ff-t-column-1' style='flex-basis: 50%;'><div class='ff-el-group'><div class=\"ff-el-input--label ff-el-is-required asterisk-right\"><label for='ff_5_input_text_2' id='label_ff_5_input_text_2' aria-label=\"Ockupation\">Ockupation <\/label><\/div><div class='ff-el-input--content'><input type=\"text\" name=\"input_text_2\" class=\"ff-el-form-control\" data-name=\"input_text_2\" id=\"ff_5_input_text_2\"  aria-invalid=\"false\" aria-required=\"true\"><\/div><\/div><\/div><div class='ff-t-cell ff-t-column-2' style='flex-basis: 50%;'><div class='ff-el-group'><div class=\"ff-el-input--label ff-el-is-required asterisk-right\"><label for='ff_5_input_text_3' id='label_ff_5_input_text_3' aria-label=\"M\u00e5nadsinkomst\">M\u00e5nadsinkomst<\/label><\/div><div class='ff-el-input--content'><input type=\"text\" name=\"input_text_3\" class=\"ff-el-form-control\" data-name=\"input_text_3\" id=\"ff_5_input_text_3\"  aria-invalid=\"false\" aria-required=\"true\"><\/div><\/div><\/div><\/div><div class='ff-el-group'><div class=\"ff-el-input--label ff-el-is-required asterisk-right\"><label for='ff_5_but_du_pret' id='label_ff_5_but_du_pret' aria-label=\"Syftet med l\u00e5net\">Syftet med l\u00e5net<\/label><\/div><div class='ff-el-input--content'><input type=\"text\" name=\"but_du_pret\" class=\"ff-el-form-control\" data-name=\"but_du_pret\" id=\"ff_5_but_du_pret\"  aria-invalid=\"false\" aria-required=\"true\"><\/div><\/div><div data-name=\"ff_cn_id_2\"  class='ff-t-container ff-column-container ff_columns_total_2'><div class='ff-t-cell ff-t-column-1' style='flex-basis: 50%;'><div class='ff-el-group'><div class=\"ff-el-input--label ff-el-is-required asterisk-right\"><label for='ff_5_montant' id='label_ff_5_montant' aria-label=\"L\u00e5nebelopp\">L\u00e5nebelopp<\/label><\/div><div class='ff-el-input--content'><input type=\"text\" name=\"montant\" id=\"ff_5_montant\" class=\"ff-el-form-control  ff_numeric\" placeholder=\"Stigande\" data-name=\"montant\" inputmode=\"numeric\" step=\"any\" min=\"2000\" aria-valuemin=\"2000\" max=\"1000000\" aria-valuemax=\"1000000\" data-formatter=\"{&quot;decimal&quot;:&quot;,&quot;,&quot;separator&quot;:&quot;.&quot;,&quot;precision&quot;:2,&quot;symbol&quot;:&quot;&quot;}\"  aria-invalid=\"false\" aria-required=\"true\"><\/div><\/div><\/div><div class='ff-t-cell ff-t-column-2' style='flex-basis: 50%;'><div class='ff-el-group'><div class=\"ff-el-input--label ff-el-is-required asterisk-right\"><label for='ff_5_periode' id='label_ff_5_periode' aria-label=\"\u00c5terbetalningsperiod (m\u00e5nader)\">\u00c5terbetalningsperiod (m\u00e5nader)<\/label><\/div><div class='ff-el-input--content'><input type=\"number\" name=\"periode\" id=\"ff_5_periode\" class=\"ff-el-form-control\" placeholder=\"Exempel: 24\" data-name=\"periode\" inputmode=\"numeric\" step=\"any\" min=\"12\" aria-valuemin=\"12\" max=\"480\" aria-valuemax=\"480\"  aria-invalid=\"false\" aria-required=\"true\"><\/div><\/div><\/div><\/div><div class='ff-el-group'><div class=\"ff-el-input--label asterisk-right\"><label for='ff_5_numeric-field_2' id='label_ff_5_numeric-field_2' aria-label=\"M\u00e5nadsbetalning\">M\u00e5nadsbetalning<\/label><\/div><div class='ff-el-input--content'><input type=\"text\" name=\"numeric-field_2\" id=\"ff_5_numeric-field_2\" class=\"ff-el-form-control  ff_has_formula ff_numeric\" data-name=\"numeric-field_2\" data-calculation_formula=\"round(({input.montant} * (0.02 \/ 12)) \/ (1 - pow(1 + (0.02 \/ 12), -{input.periode})), 2)\" readonly=\"1\" data-formatter=\"{&quot;decimal&quot;:&quot;,&quot;,&quot;separator&quot;:&quot;.&quot;,&quot;precision&quot;:2,&quot;symbol&quot;:&quot;&quot;}\"  aria-invalid=\"false\" aria-required=\"false\"><\/div><\/div><div class='ff-el-group'><div class=\"ff-el-input--label asterisk-right\"><label for='ff_5_numeric-field_3' id='label_ff_5_numeric-field_3' aria-label=\"Totalbelopp som ska \u00e5terbetalas\">Totalbelopp som ska \u00e5terbetalas<\/label><\/div><div class='ff-el-input--content'><input type=\"text\" name=\"numeric-field_3\" id=\"ff_5_numeric-field_3\" class=\"ff-el-form-control  ff_has_formula ff_numeric\" data-name=\"numeric-field_3\" data-calculation_formula=\"round(({input.periode} * ({input.montant} * (0.02 \/ 12) \/ (1 - pow(1 + (0.02 \/ 12), -{input.periode})))), 2)\" readonly=\"1\" data-formatter=\"{&quot;decimal&quot;:&quot;,&quot;,&quot;separator&quot;:&quot;.&quot;,&quot;precision&quot;:2,&quot;symbol&quot;:&quot;&quot;}\"  aria-invalid=\"false\" aria-required=\"false\"><\/div><\/div><div class='ff-el-group'><div class=\"ff-el-input--label asterisk-right\"><label   aria-label=\"Har du n\u00e5gonsin tagit ett onlinel\u00e5n minst en g\u00e5ng?\">Har du n\u00e5gonsin tagit ett onlinel\u00e5n minst en g\u00e5ng?<\/label><\/div><div class='ff-el-input--content'><div class='ff-el-form-check ff-el-form-check-'><label class='ff-el-form-check-label' for='checkbox_6b6970b21733d96d04b2b15ebafab077'><input  type=\"checkbox\" name=\"checkbox[]\" data-name=\"checkbox\" class=\"ff-el-form-check-input ff-el-form-check-checkbox\" value=\"Oui\"  id='checkbox_6b6970b21733d96d04b2b15ebafab077' aria-label='Ja' aria-invalid='false' aria-required=\"false\"> <span>Ja<\/span><\/label><\/div><div class='ff-el-form-check ff-el-form-check-'><label class='ff-el-form-check-label' for='checkbox_2baa343d8f7d60d6ab459699a07e97f1'><input  type=\"checkbox\" name=\"checkbox[]\" data-name=\"checkbox\" class=\"ff-el-form-check-input ff-el-form-check-checkbox\" value=\"Non\"  id='checkbox_2baa343d8f7d60d6ab459699a07e97f1' aria-label='Inga' aria-invalid='false' aria-required=\"false\"> <span>Inga<\/span><\/label><\/div><\/div><\/div><div class='ff-el-group ff-text-left ff_submit_btn_wrapper'><button type=\"submit\" class=\"ff-btn ff-btn-submit ff-btn-md ff_btn_style\"  aria-label=\"Skicka in min beg\u00e4ran\">Skicka in min beg\u00e4ran<\/button><\/div><\/fieldset><input type=\"hidden\" name=\"trp-form-language\" value=\"sv\"\/><\/form><div id='fluentform_5_errors' class='ff-errors-in-stack ff_form_instance_5_1 ff-form-loading_errors ff_form_instance_5_1_errors'><\/div><\/div>            <script type=\"text\/javascript\">\n                window.fluent_form_ff_form_instance_5_1 = {\"id\":\"5\",\"settings\":{\"layout\":{\"labelPlacement\":\"top\",\"helpMessagePlacement\":\"with_label\",\"errorMessagePlacement\":\"inline\",\"cssClassName\":\"\",\"asteriskPlacement\":\"asterisk-right\"},\"restrictions\":{\"denyEmptySubmission\":{\"enabled\":false}}},\"form_instance\":\"ff_form_instance_5_1\",\"form_id_selector\":\"fluentform_5\",\"rules\":{\"names[first_name]\":{\"required\":{\"value\":true,\"message\":\"This field is required\",\"global_message\":\"Ce champ est obligatoire\",\"global\":true}},\"names[middle_name]\":{\"required\":{\"value\":false,\"message\":\"This field is required\",\"global_message\":\"Ce champ est obligatoire\",\"global\":true}},\"names[last_name]\":{\"required\":{\"value\":true,\"message\":\"This field is required\",\"global_message\":\"Ce champ est obligatoire\",\"global\":true}},\"email\":{\"required\":{\"value\":true,\"message\":\"This field is required\",\"global_message\":\"Ce champ est obligatoire\",\"global\":true},\"email\":{\"value\":true,\"message\":\"This field must contain a valid email\",\"global_message\":\"Ce champ doit contenir un e-mail valide\",\"global\":true}},\"phone\":{\"required\":{\"value\":true,\"message\":\"Ce champ est requis\",\"global\":false,\"global_message\":\"Ce champ est obligatoire\"},\"valid_phone_number\":{\"value\":false,\"message\":\"Le num\\u00e9ro de t\\u00e9l\\u00e9phone n'est pas valide\",\"global\":false,\"global_message\":\"Le num\\u00e9ro de t\\u00e9l\\u00e9phone est invalide\"}},\"pays\":{\"required\":{\"value\":true,\"message\":\"This field is required\",\"global_message\":\"Ce champ est obligatoire\",\"global\":true}},\"input_text_1\":{\"required\":{\"value\":true,\"message\":\"This field is required\",\"global_message\":\"Ce champ est obligatoire\",\"global\":true}},\"input_text_2\":{\"required\":{\"value\":true,\"message\":\"This field is required\",\"global_message\":\"Ce champ est obligatoire\",\"global\":true}},\"input_text_3\":{\"required\":{\"value\":true,\"message\":\"This field is required\",\"global_message\":\"Ce champ est obligatoire\",\"global\":true}},\"but_du_pret\":{\"required\":{\"value\":true,\"message\":\"This field is required\",\"global_message\":\"Ce champ est obligatoire\",\"global\":true}},\"montant\":{\"required\":{\"value\":true,\"message\":\"This field is required\",\"global_message\":\"Ce champ est obligatoire\",\"global\":true},\"numeric\":{\"value\":true,\"message\":\"This field must contain numeric value\",\"global_message\":\"Ce champ doit contenir une valeur num\\u00e9rique\",\"global\":true},\"min\":{\"value\":\"2000\",\"message\":\"Le montant minimum est de 2000 \",\"global_message\":\"\\u00c9chec de la validation pour la valeur minimale\",\"global\":false},\"max\":{\"value\":\"1000000\",\"message\":\"Validation fails for maximum value\",\"global_message\":\"\\u00c9chec de la validation pour la valeur maximale\",\"global\":true},\"digits\":{\"value\":\"\",\"message\":\"Validation fails for limited digits\",\"global_message\":\"La validation \\u00e9choue pour un nombre limit\\u00e9 de chiffres\",\"global\":true}},\"periode\":{\"required\":{\"value\":true,\"message\":\"This field is required\",\"global_message\":\"Ce champ est obligatoire\",\"global\":true},\"numeric\":{\"value\":true,\"message\":\"This field must contain numeric value\",\"global_message\":\"Ce champ doit contenir une valeur num\\u00e9rique\",\"global\":true},\"min\":{\"value\":\"12\",\"message\":\"La p\\u00e9riode minium est de 12 mois\",\"global_message\":\"\\u00c9chec de la validation pour la valeur minimale\",\"global\":false},\"max\":{\"value\":\"480\",\"message\":\"Validation fails for maximum value\",\"global_message\":\"\\u00c9chec de la validation pour la valeur maximale\",\"global\":true},\"digits\":{\"value\":\"\",\"message\":\"Validation fails for limited digits\",\"global_message\":\"La validation \\u00e9choue pour un nombre limit\\u00e9 de chiffres\",\"global\":true}},\"numeric-field_2\":{\"required\":{\"value\":false,\"message\":\"This field is required\",\"global_message\":\"Ce champ est obligatoire\",\"global\":true},\"numeric\":{\"value\":true,\"message\":\"This field must contain numeric value\",\"global_message\":\"Ce champ doit contenir une valeur num\\u00e9rique\",\"global\":true},\"min\":{\"value\":\"\",\"message\":\"Validation fails for minimum value\",\"global_message\":\"\\u00c9chec de la validation pour la valeur minimale\",\"global\":true},\"max\":{\"value\":\"\",\"message\":\"Validation fails for maximum value\",\"global_message\":\"\\u00c9chec de la validation pour la valeur maximale\",\"global\":true},\"digits\":{\"value\":\"\",\"message\":\"Validation fails for limited digits\",\"global_message\":\"La validation \\u00e9choue pour un nombre limit\\u00e9 de chiffres\",\"global\":true}},\"numeric-field_3\":{\"required\":{\"value\":false,\"message\":\"This field is required\",\"global_message\":\"Ce champ est obligatoire\",\"global\":true},\"numeric\":{\"value\":true,\"message\":\"This field must contain numeric value\",\"global_message\":\"Ce champ doit contenir une valeur num\\u00e9rique\",\"global\":true},\"min\":{\"value\":\"\",\"message\":\"Validation fails for minimum value\",\"global_message\":\"\\u00c9chec de la validation pour la valeur minimale\",\"global\":true},\"max\":{\"value\":\"\",\"message\":\"Validation fails for maximum value\",\"global_message\":\"\\u00c9chec de la validation pour la valeur maximale\",\"global\":true},\"digits\":{\"value\":\"\",\"message\":\"Validation fails for limited digits\",\"global_message\":\"La validation \\u00e9choue pour un nombre limit\\u00e9 de chiffres\",\"global\":true}},\"checkbox\":{\"required\":{\"value\":false,\"message\":\"This field is required\",\"global_message\":\"Ce champ est obligatoire\",\"global\":true}}},\"debounce_time\":300};\n                            <\/script>\n                        <\/div>\n\n            \t\t\t\t<\/div>\n\t\t\t\t<\/div>\n\t\t\t\t\t<\/div>\n\t\t<\/div>\n\t\t\t\t\t<\/div>\n\t\t<\/section>\n\t\t\t\t\t<\/div>\n\t\t<\/div>\n\t\t\t\t\t<\/div>\n\t\t<\/section>\n\t\t\t\t<\/div>","protected":false},"excerpt":{"rendered":"<p>Formulaire pour une demande de pr\u00eat Veuillez remplir le formulaire ci-dessous pour soumettre votre demande. Demande de pr\u00eat Pr\u00e9nomNom de familleE-mailNum\u00e9ro de t\u00e9l\u00e9phonePays de r\u00e9sidenceVilleAdresse compl\u00e8teProfession Revenu mensuelBut du pr\u00eatMontant du pr\u00eat ( CHF )P\u00e9riode de remboursement ( mois )Mensualit\u00e9CHFTotal du montant \u00e0 rembourserCHFAvez-vous d\u00e9j\u00e0 souscrit au moins une fois \u00e0 un pr\u00eat en ligne&#8230;<\/p>","protected":false},"author":1,"featured_media":0,"parent":0,"menu_order":0,"comment_status":"closed","ping_status":"closed","template":"","meta":{"footnotes":""},"class_list":["post-13459","page","type-page","status-publish","hentry"],"_links":{"self":[{"href":"https:\/\/fluva-finance.com\/sv\/wp-json\/wp\/v2\/pages\/13459","targetHints":{"allow":["GET"]}}],"collection":[{"href":"https:\/\/fluva-finance.com\/sv\/wp-json\/wp\/v2\/pages"}],"about":[{"href":"https:\/\/fluva-finance.com\/sv\/wp-json\/wp\/v2\/types\/page"}],"author":[{"embeddable":true,"href":"https:\/\/fluva-finance.com\/sv\/wp-json\/wp\/v2\/users\/1"}],"replies":[{"embeddable":true,"href":"https:\/\/fluva-finance.com\/sv\/wp-json\/wp\/v2\/comments?post=13459"}],"version-history":[{"count":70,"href":"https:\/\/fluva-finance.com\/sv\/wp-json\/wp\/v2\/pages\/13459\/revisions"}],"predecessor-version":[{"id":15956,"href":"https:\/\/fluva-finance.com\/sv\/wp-json\/wp\/v2\/pages\/13459\/revisions\/15956"}],"wp:attachment":[{"href":"https:\/\/fluva-finance.com\/sv\/wp-json\/wp\/v2\/media?parent=13459"}],"curies":[{"name":"wp","href":"https:\/\/api.w.org\/{rel}","templated":true}]}}